{"id":340,"date":"2022-07-01T16:46:04","date_gmt":"2022-07-01T16:46:04","guid":{"rendered":"https:\/\/www.fotoespacio.cl\/antologia2\/?page_id=340"},"modified":"2022-07-04T20:32:07","modified_gmt":"2022-07-05T00:32:07","slug":"inicio","status":"publish","type":"page","link":"https:\/\/www.fotoespacio.cl\/antologia2\/","title":{"rendered":"Inicio"},"content":{"rendered":"\n<p>La Corporaci\u00f3n Cultural Fotoespacio y Fotoespacio.cl, el portal de la fotograf\u00eda, convocaron en agosto del 2012 a todas las fot\u00f3grafas y fot\u00f3grafos j\u00f3venes de Chile y chilenos residentes en el extranjero, a enviar sus obras para realizar una muestra del estado actual de la fotograf\u00eda realizada por este grupo etario.<\/p>\n\n\n\n<p>Se trata de la segunda versi\u00f3n de la Antolog\u00eda de Fotograf\u00eda Joven que se realiz\u00f3 entre los a\u00f1os 2010 y 2011. Tal como sucedi\u00f3 en esa oportunidad, esta 2\u00aa Antolog\u00eda culmina, con gran \u00e9xito, con una muestra de 30 de los Antologados que, con la curator\u00eda de Varinia Brodsky y bajo el concepto de \u201cFiliaciones\u201d, est\u00e1 siendo exhibida en el Museo de Arte Contempor\u00e1neo de la Universidad de Chile (Parque Forestal).<\/p>\n\n\n\n<p>Como le hemos se\u00f1alado anteriormente, una antolog\u00eda no es un concurso, aqu\u00ed nadie ha perdido y, finalmente, la \u00fanica ganadora es la Fotograf\u00eda Joven Chilena, la cual, con esta y otras iniciativas, cada d\u00eda se ve m\u00e1s fortalecida, tanto nacional como internacionalmente.<\/p>\n\n\n\n<p>En esta segunda edici\u00f3n de la Antolog\u00eda hemos buscado ampliar significativamente la base de participaci\u00f3n. En especial la de fot\u00f3grafos de regiones. As\u00ed mismo, se incorporaron dos profesionales \u2013 una de Puerto Montt y otro de Iquique- a formar parte del Grupo Revisor de Obra.<\/p>\n\n\n\n<p>Este Grupo Revisor de Obra fue conformado por:<\/p>\n\n\n\n<ul class=\"wp-block-list\"><li><strong>Varinia Brodsky<\/strong>: Curadora, Coordinadora Unidad de Producci\u00f3n del Museo de Arte Contempor\u00e1neo de la Universidad de Chile.<\/li><li><strong>Fabiola Narv\u00e1ez<\/strong>: Fot\u00f3grafa y Gestora Cultural (Reside en la Regi\u00f3n de Los Lagos).<\/li><li><strong>Rodolfo Andaur<\/strong>: Curador Independiente (Reside en la Regi\u00f3n de Tarapac\u00e1).<\/li><li><strong>Zaida Gonz\u00e1lez<\/strong>: Fot\u00f3grafa (Joven Antologada 2010 -2011) Premio Rodrigo Rojas 2012.<\/li><li><strong>Alejandro Olivares<\/strong>: Fot\u00f3grafo y Editor Fotogr\u00e1fico (Joven Antologado 2010 -2011) y Premio Rodrigo Rojas 2013.<\/li><li><strong>Leonardo Infante V\u00e1squez<\/strong>: Acad\u00e9mico, Editor de Fotoespacio.cl.<\/li><li><strong>Jaime Morera Falcone<\/strong>: Fot\u00f3grafo, Director de Fotoespacio.cl.<\/li><\/ul>\n\n\n\n<p>La Antolog\u00eda, conformada finalmente por 60 j\u00f3venes fot\u00f3grafas y fot\u00f3grafos, est\u00e1 instalada en un espacio WEB propio y se edit\u00f3 un Cat\u00e1logo Digital que se puede ver en Fotoespacio.cl y\/o bajar, en forma gratuita, desde la secci\u00f3n DESCARGAS del mismo portal.<\/p>\n\n\n\n<p>Ir a la <a href=\"http:\/\/antologiajoven-2010-2011.fotoespacio.cl\/\" target=\"_blank\" rel=\"noreferrer noopener\">1era Antolog\u00eda<\/a><\/p>\n","protected":false},"excerpt":{"rendered":"<p>La Corporaci\u00f3n Cultural Fotoespacio y Fotoespacio.cl, el portal de la fotograf\u00eda, convocaron en agosto del 2012 a todas las fot\u00f3grafas y fot\u00f3grafos j\u00f3venes de Chile y chilenos residentes en el extranjero, a enviar sus obras para realizar una muestra del estado actual de la fotograf\u00eda realizada por este grupo etario. Se trata de la segunda [&hellip;]<\/p>\n","protected":false},"author":1,"featured_media":0,"parent":0,"menu_order":0,"comment_status":"closed","ping_status":"closed","template":"","meta":{"footnotes":""},"class_list":["post-340","page","type-page","status-publish","hentry"],"_links":{"self":[{"href":"https:\/\/www.fotoespacio.cl\/antologia2\/wp-json\/wp\/v2\/pages\/340","targetHints":{"allow":["GET"]}}],"collection":[{"href":"https:\/\/www.fotoespacio.cl\/antologia2\/wp-json\/wp\/v2\/pages"}],"about":[{"href":"https:\/\/www.fotoespacio.cl\/antologia2\/wp-json\/wp\/v2\/types\/page"}],"author":[{"embeddable":true,"href":"https:\/\/www.fotoespacio.cl\/antologia2\/wp-json\/wp\/v2\/users\/1"}],"replies":[{"embeddable":true,"href":"https:\/\/www.fotoespacio.cl\/antologia2\/wp-json\/wp\/v2\/comments?post=340"}],"version-history":[{"count":3,"href":"https:\/\/www.fotoespacio.cl\/antologia2\/wp-json\/wp\/v2\/pages\/340\/revisions"}],"predecessor-version":[{"id":1207,"href":"https:\/\/www.fotoespacio.cl\/antologia2\/wp-json\/wp\/v2\/pages\/340\/revisions\/1207"}],"wp:attachment":[{"href":"https:\/\/www.fotoespacio.cl\/antologia2\/wp-json\/wp\/v2\/media?parent=340"}],"curies":[{"name":"wp","href":"https:\/\/api.w.org\/{rel}","templated":true}]}}